{"id":465,"date":"2022-04-24T22:08:46","date_gmt":"2022-04-24T22:08:46","guid":{"rendered":"https:\/\/architect.oceanwp.org\/?page_id=465"},"modified":"2025-12-03T20:15:30","modified_gmt":"2025-12-03T19:15:30","slug":"home","status":"publish","type":"page","link":"https:\/\/test.hktechmont.cz\/","title":{"rendered":"Dom\u016f"},"content":{"rendered":"\t\t<div data-elementor-type=\"wp-page\" data-elementor-id=\"465\" class=\"elementor elementor-465\">\n\t\t\t\t\t\t<section class=\"elementor-section elementor-top-section elementor-element elementor-element-67bccc4 elementor-section-content-bottom elementor-section-height-min-height elementor-section-boxed elementor-section-height-default elementor-section-items-middle\" data-id=\"67bccc4\" data-element_type=\"section\" data-settings=\"{&quot;background_background&quot;:&quot;slideshow&quot;,&quot;background_slideshow_gallery&quot;:[{&quot;id&quot;:797,&quot;url&quot;:&quot;https:\\\/\\\/test.hktechmont.cz\\\/wp-content\\\/uploads\\\/2025\\\/08\\\/adobestock_770023747-scaled.jpeg&quot;},{&quot;id&quot;:800,&quot;url&quot;:&quot;https:\\\/\\\/test.hktechmont.cz\\\/wp-content\\\/uploads\\\/2025\\\/08\\\/elektro-scaled.jpg&quot;},{&quot;id&quot;:808,&quot;url&quot;:&quot;https:\\\/\\\/test.hktechmont.cz\\\/wp-content\\\/uploads\\\/2025\\\/08\\\/tepelko-scaled.jpg&quot;},{&quot;id&quot;:809,&quot;url&quot;:&quot;https:\\\/\\\/test.hktechmont.cz\\\/wp-content\\\/uploads\\\/2025\\\/08\\\/bg-top-1.jpg&quot;}],&quot;background_slideshow_loop&quot;:&quot;yes&quot;,&quot;background_slideshow_slide_duration&quot;:5000,&quot;background_slideshow_slide_transition&quot;:&quot;fade&quot;,&quot;background_slideshow_transition_duration&quot;:500}\">\n\t\t\t\t\t\t\t<div class=\"elementor-background-overlay\"><\/div>\n\t\t\t\t\t\t\t<div class=\"elementor-container elementor-column-gap-default\">\n\t\t\t\t\t<div class=\"elementor-column elementor-col-100 elementor-top-column elementor-element elementor-element-23a601b\" data-id=\"23a601b\" data-element_type=\"column\">\n\t\t\t<div class=\"elementor-widget-wrap elementor-element-populated\">\n\t\t\t\t\t\t<div class=\"elementor-element elementor-element-5c316fb elementor-widget elementor-widget-heading\" data-id=\"5c316fb\" data-element_type=\"widget\" data-widget_type=\"heading.default\">\n\t\t\t\t\t<h1 class=\"elementor-heading-title elementor-size-default\">HKTechmont, s.r.o.<\/h1>\t\t\t\t<\/div>\n\t\t\t\t<div class=\"elementor-element elementor-element-b2ae864 elementor-widget elementor-widget-heading\" data-id=\"b2ae864\" data-element_type=\"widget\" data-widget_type=\"heading.default\">\n\t\t\t\t\t<h2 class=\"elementor-heading-title elementor-size-default\">Individu\u00e1ln\u00ed \u0159e\u0161en\u00ed pro va\u0161i energetickou nez\u00e1vislost \u2013 spole\u010dn\u011b to zvl\u00e1dneme!<\/h2>\t\t\t\t<\/div>\n\t\t\t\t\t<\/div>\n\t\t<\/div>\n\t\t\t\t\t<\/div>\n\t\t<\/section>\n\t\t\t\t<section class=\"elementor-section elementor-top-section elementor-element elementor-element-8f2a3b1 elementor-section-boxed elementor-section-height-default elementor-section-height-default\" data-id=\"8f2a3b1\" data-element_type=\"section\">\n\t\t\t\t\t\t<div class=\"elementor-container elementor-column-gap-default\">\n\t\t\t\t\t<div class=\"elementor-column elementor-col-100 elementor-top-column elementor-element elementor-element-9427d45\" data-id=\"9427d45\" data-element_type=\"column\">\n\t\t\t<div class=\"elementor-widget-wrap elementor-element-populated\">\n\t\t\t\t\t\t<div class=\"elementor-element elementor-element-489dce5 elementor-widget elementor-widget-spacer\" data-id=\"489dce5\" data-element_type=\"widget\" data-widget_type=\"spacer.default\">\n\t\t\t\t\t\t\t<div class=\"elementor-spacer\">\n\t\t\t<div class=\"elementor-spacer-inner\"><\/div>\n\t\t<\/div>\n\t\t\t\t\t\t<\/div>\n\t\t\t\t<section class=\"elementor-section elementor-inner-section elementor-element elementor-element-f162c40 elementor-section-content-middle elementor-section-boxed elementor-section-height-default elementor-section-height-default\" data-id=\"f162c40\" data-element_type=\"section\">\n\t\t\t\t\t\t<div class=\"elementor-container elementor-column-gap-no\">\n\t\t\t\t\t<div class=\"elementor-column elementor-col-50 elementor-inner-column elementor-element elementor-element-dacf0d5\" data-id=\"dacf0d5\" data-element_type=\"column\">\n\t\t\t<div class=\"elementor-widget-wrap elementor-element-populated\">\n\t\t\t\t\t\t<div class=\"elementor-element elementor-element-4d76712 elementor-widget elementor-widget-image\" data-id=\"4d76712\" data-element_type=\"widget\" data-widget_type=\"image.default\">\n\t\t\t\t\t\t\t\t\t\t\t\t\t\t\t<img fetchpriority=\"high\" decoding=\"async\" width=\"739\" height=\"368\" src=\"https:\/\/test.hktechmont.cz\/wp-content\/uploads\/2025\/11\/acil-durum-krokisi-elektrik-tesisati-projelendirme-1057438-1.webp\" class=\"attachment-large size-large wp-image-996\" alt=\"\" srcset=\"https:\/\/test.hktechmont.cz\/wp-content\/uploads\/2025\/11\/acil-durum-krokisi-elektrik-tesisati-projelendirme-1057438-1.webp 739w, https:\/\/test.hktechmont.cz\/wp-content\/uploads\/2025\/11\/acil-durum-krokisi-elektrik-tesisati-projelendirme-1057438-1-300x149.webp 300w\" sizes=\"(max-width: 739px) 100vw, 739px\" \/>\t\t\t\t\t\t\t\t\t\t\t\t\t\t\t<\/div>\n\t\t\t\t\t<\/div>\n\t\t<\/div>\n\t\t\t\t<div class=\"elementor-column elementor-col-50 elementor-inner-column elementor-element elementor-element-9a4d4d6\" data-id=\"9a4d4d6\" data-element_type=\"column\">\n\t\t\t<div class=\"elementor-widget-wrap elementor-element-populated\">\n\t\t\t\t\t\t<div class=\"elementor-element elementor-element-730a5ca elementor-widget elementor-widget-spacer\" data-id=\"730a5ca\" data-element_type=\"widget\" data-widget_type=\"spacer.default\">\n\t\t\t\t\t\t\t<div class=\"elementor-spacer\">\n\t\t\t<div class=\"elementor-spacer-inner\"><\/div>\n\t\t<\/div>\n\t\t\t\t\t\t<\/div>\n\t\t\t\t<div class=\"elementor-element elementor-element-0255a9f elementor-widget elementor-widget-heading\" data-id=\"0255a9f\" data-element_type=\"widget\" data-widget_type=\"heading.default\">\n\t\t\t\t\t<h2 class=\"elementor-heading-title elementor-size-default\">Kdo jsme<\/h2>\t\t\t\t<\/div>\n\t\t\t\t<div class=\"elementor-element elementor-element-1d444c1 elementor-widget elementor-widget-heading\" data-id=\"1d444c1\" data-element_type=\"widget\" data-widget_type=\"heading.default\">\n\t\t\t\t\t<p class=\"elementor-heading-title elementor-size-default\">Mlad\u00e1 spole\u010dnost specializuj\u00edc\u00ed se na poskytov\u00e1n\u00ed individu\u00e1ln\u00edch \u0159e\u0161en\u00ed pro energetickou nez\u00e1vislost. <\/p>\t\t\t\t<\/div>\n\t\t\t\t<div class=\"elementor-element elementor-element-e79a663 elementor-widget elementor-widget-heading\" data-id=\"e79a663\" data-element_type=\"widget\" data-widget_type=\"heading.default\">\n\t\t\t\t\t<p class=\"elementor-heading-title elementor-size-default\">Na\u0161\u00edm c\u00edlem je pomoci z\u00e1kazn\u00edk\u016fm dos\u00e1hnout \u00faspor a zv\u00fd\u0161it efektivitu vyu\u017e\u00edv\u00e1n\u00ed energie prost\u0159ednictv\u00edm modern\u00edch technologi\u00ed a inovativn\u00edch p\u0159\u00edstup\u016f v oblasti elektroinstalac\u00ed, fotovoltaick\u00fdch elektr\u00e1ren, tepeln\u00fdch \u010derpadel a klimatizac\u00ed<\/p>\t\t\t\t<\/div>\n\t\t\t\t\t<\/div>\n\t\t<\/div>\n\t\t\t\t\t<\/div>\n\t\t<\/section>\n\t\t\t\t<div class=\"elementor-element elementor-element-a5492c3 elementor-widget elementor-widget-spacer\" data-id=\"a5492c3\" data-element_type=\"widget\" data-widget_type=\"spacer.default\">\n\t\t\t\t\t\t\t<div class=\"elementor-spacer\">\n\t\t\t<div class=\"elementor-spacer-inner\"><\/div>\n\t\t<\/div>\n\t\t\t\t\t\t<\/div>\n\t\t\t\t\t<\/div>\n\t\t<\/div>\n\t\t\t\t\t<\/div>\n\t\t<\/section>\n\t\t\t\t<section class=\"elementor-section elementor-top-section elementor-element elementor-element-4e4228ca elementor-section-height-min-height elementor-section-boxed elementor-section-height-default elementor-section-items-middle\" data-id=\"4e4228ca\" data-element_type=\"section\" data-settings=\"{&quot;background_background&quot;:&quot;classic&quot;}\">\n\t\t\t\t\t\t<div class=\"elementor-container elementor-column-gap-default\">\n\t\t\t\t\t<div class=\"elementor-column elementor-col-100 elementor-top-column elementor-element elementor-element-14af4367\" data-id=\"14af4367\" data-element_type=\"column\">\n\t\t\t<div class=\"elementor-widget-wrap elementor-element-populated\">\n\t\t\t\t\t\t<section class=\"elementor-section elementor-inner-section elementor-element elementor-element-169a7c21 elementor-section-boxed elementor-section-height-default elementor-section-height-default\" data-id=\"169a7c21\" data-element_type=\"section\">\n\t\t\t\t\t\t<div class=\"elementor-container elementor-column-gap-default\">\n\t\t\t\t\t<div class=\"elementor-column elementor-col-100 elementor-inner-column elementor-element elementor-element-70fa6e74\" data-id=\"70fa6e74\" data-element_type=\"column\" data-settings=\"{&quot;background_background&quot;:&quot;classic&quot;}\">\n\t\t\t<div class=\"elementor-widget-wrap elementor-element-populated\">\n\t\t\t\t\t\t<div class=\"elementor-element elementor-element-7921c8df elementor-widget elementor-widget-heading\" data-id=\"7921c8df\" data-element_type=\"widget\" data-widget_type=\"heading.default\">\n\t\t\t\t\t<h2 class=\"elementor-heading-title elementor-size-default\"><span style=\"font-family: Rubik;font-size: 28px;font-style: normal;font-weight: 700\">Kontaktujte n\u00e1s<\/span><\/h2>\t\t\t\t<\/div>\n\t\t\t\t<div class=\"elementor-element elementor-element-7cc2f7e9 elementor-widget__width-initial elementor-widget elementor-widget-heading\" data-id=\"7cc2f7e9\" data-element_type=\"widget\" data-widget_type=\"heading.default\">\n\t\t\t\t\t<p class=\"elementor-heading-title elementor-size-default\"><span style=\"font-family: Rubik;font-size: 14px;font-style: normal;font-weight: 600\">E-Mail:&nbsp;<\/span><span style=\"font-family: Rubik;font-size: 14px;font-style: normal;font-weight: 100\"><\/span><a href=\"https:\/\/test.hktechmont.cz\/?page_id=692#\" style=\"font-family: Rubik;font-size: 14px;font-style: normal;font-weight: 100\">info@<\/a><span style=\"font-family: Rubik;font-size: 14px;font-style: normal;font-weight: 100\">hktechmont.cz<\/span><br><span style=\"font-family: Rubik;font-size: 14px;font-style: normal;font-weight: 600\">Telefon:<\/span><br><span style=\"font-family: Rubik;font-size: 14px;font-style: normal\">J<\/span>i\u0159\u00ed Hole\u010dek <a href=\"https:\/\/test.hktechmont.cz\/?page_id=692#\" style=\"font-family: Rubik;font-size: 14px;font-style: normal;font-weight: 100\">+<\/a><span style=\"font-family: Rubik;font-size: 14px;font-style: normal;font-weight: 100\">420 731 855 158<\/span><br><span style=\"font-family: Rubik;font-size: 14px;font-style: normal\">Martin K\u0159enek<\/span><span style=\"font-family: Rubik;font-size: 14px;font-style: normal;font-weight: 100\">&nbsp; +420 732 338 423<\/span><br><span style=\"font-family: Rubik;font-size: 14px;font-style: normal;font-weight: 600\">Adresa:&nbsp;<\/span><span style=\"font-family: Rubik;font-size: 14px;font-style: normal;font-weight: 100\">Z\u00e1ti\u0161\u00ed 750, Bohum\u00edn - Sk\u0159e\u010do\u0148. 735 31<\/span><\/p>\t\t\t\t<\/div>\n\t\t\t\t\t<\/div>\n\t\t<\/div>\n\t\t\t\t\t<\/div>\n\t\t<\/section>\n\t\t\t\t\t<\/div>\n\t\t<\/div>\n\t\t\t\t\t<\/div>\n\t\t<\/section>\n\t\t\t\t<\/div>\n\t\t","protected":false},"excerpt":{"rendered":"<p>HKTechmont, s.r.o. Individu\u00e1ln\u00ed \u0159e\u0161en\u00ed pro va\u0161i energetickou nez\u00e1vislost \u2013 spole\u010dn\u011b to zvl\u00e1dneme! Kdo jsme Mlad\u00e1 spole\u010dnost specializuj\u00edc\u00ed se na poskytov\u00e1n\u00ed individu\u00e1ln\u00edch \u0159e\u0161en\u00ed pro energetickou nez\u00e1vislost. Na\u0161\u00edm c\u00edlem je pomoci z\u00e1kazn\u00edk\u016fm dos\u00e1hnout \u00faspor a zv\u00fd\u0161it efektivitu vyu\u017e\u00edv\u00e1n\u00ed energie prost\u0159ednictv\u00edm modern\u00edch technologi\u00ed a inovativn\u00edch p\u0159\u00edstup\u016f v oblasti elektroinstalac\u00ed, fotovoltaick\u00fdch elektr\u00e1ren, tepeln\u00fdch \u010derpadel a klimatizac\u00ed Kontaktujte n\u00e1s E-Mail:&nbsp;info@hktechmont.czTelefon:Ji\u0159\u00ed [&hellip;]<\/p>\n","protected":false},"author":1,"featured_media":0,"parent":0,"menu_order":0,"comment_status":"closed","ping_status":"closed","template":"","meta":{"ocean_post_layout":"full-screen","ocean_both_sidebars_style":"","ocean_both_sidebars_content_width":0,"ocean_both_sidebars_sidebars_width":0,"ocean_sidebar":"0","ocean_second_sidebar":"0","ocean_disable_margins":"on","ocean_add_body_class":"","ocean_shortcode_before_top_bar":"","ocean_shortcode_after_top_bar":"","ocean_shortcode_before_header":"","ocean_shortcode_after_header":"","ocean_has_shortcode":"","ocean_shortcode_after_title":"","ocean_shortcode_before_footer_widgets":"","ocean_shortcode_after_footer_widgets":"","ocean_shortcode_before_footer_bottom":"","ocean_shortcode_after_footer_bottom":"","ocean_display_top_bar":"default","ocean_display_header":"default","ocean_header_style":"transparent","ocean_center_header_left_menu":"0","ocean_custom_header_template":"0","ocean_custom_logo":0,"ocean_custom_retina_logo":0,"ocean_custom_logo_max_width":0,"ocean_custom_logo_tablet_max_width":0,"ocean_custom_logo_mobile_max_width":0,"ocean_custom_logo_max_height":0,"ocean_custom_logo_tablet_max_height":0,"ocean_custom_logo_mobile_max_height":0,"ocean_header_custom_menu":"0","ocean_menu_typo_font_family":"0","ocean_menu_typo_font_subset":"","ocean_menu_typo_font_size":0,"ocean_menu_typo_font_size_tablet":0,"ocean_menu_typo_font_size_mobile":0,"ocean_menu_typo_font_size_unit":"px","ocean_menu_typo_font_weight":"","ocean_menu_typo_font_weight_tablet":"","ocean_menu_typo_font_weight_mobile":"","ocean_menu_typo_transform":"","ocean_menu_typo_transform_tablet":"","ocean_menu_typo_transform_mobile":"","ocean_menu_typo_line_height":0,"ocean_menu_typo_line_height_tablet":0,"ocean_menu_typo_line_height_mobile":0,"ocean_menu_typo_line_height_unit":"","ocean_menu_typo_spacing":0,"ocean_menu_typo_spacing_tablet":0,"ocean_menu_typo_spacing_mobile":0,"ocean_menu_typo_spacing_unit":"","ocean_menu_link_color":"#ffffff","ocean_menu_link_color_hover":"#6e8fef","ocean_menu_link_color_active":"#ffffff","ocean_menu_link_background":"","ocean_menu_link_hover_background":"","ocean_menu_link_active_background":"","ocean_menu_social_links_bg":"","ocean_menu_social_hover_links_bg":"","ocean_menu_social_links_color":"#ffffff","ocean_menu_social_hover_links_color":"#6e8fef","ocean_disable_title":"on","ocean_disable_heading":"default","ocean_post_title":"","ocean_post_subheading":"","ocean_post_title_style":"","ocean_post_title_background_color":"","ocean_post_title_background":0,"ocean_post_title_bg_image_position":"","ocean_post_title_bg_image_attachment":"","ocean_post_title_bg_image_repeat":"","ocean_post_title_bg_image_size":"","ocean_post_title_height":0,"ocean_post_title_bg_overlay":0.5,"ocean_post_title_bg_overlay_color":"","ocean_disable_breadcrumbs":"off","ocean_breadcrumbs_color":"","ocean_breadcrumbs_separator_color":"","ocean_breadcrumbs_links_color":"","ocean_breadcrumbs_links_hover_color":"","ocean_display_footer_widgets":"default","ocean_display_footer_bottom":"default","ocean_custom_footer_template":"0","omw_enable_modal_window":"enable","footnotes":""},"class_list":["post-465","page","type-page","status-publish","hentry","entry"],"_links":{"self":[{"href":"https:\/\/test.hktechmont.cz\/index.php?rest_route=\/wp\/v2\/pages\/465","targetHints":{"allow":["GET"]}}],"collection":[{"href":"https:\/\/test.hktechmont.cz\/index.php?rest_route=\/wp\/v2\/pages"}],"about":[{"href":"https:\/\/test.hktechmont.cz\/index.php?rest_route=\/wp\/v2\/types\/page"}],"author":[{"embeddable":true,"href":"https:\/\/test.hktechmont.cz\/index.php?rest_route=\/wp\/v2\/users\/1"}],"replies":[{"embeddable":true,"href":"https:\/\/test.hktechmont.cz\/index.php?rest_route=%2Fwp%2Fv2%2Fcomments&post=465"}],"version-history":[{"count":102,"href":"https:\/\/test.hktechmont.cz\/index.php?rest_route=\/wp\/v2\/pages\/465\/revisions"}],"predecessor-version":[{"id":1095,"href":"https:\/\/test.hktechmont.cz\/index.php?rest_route=\/wp\/v2\/pages\/465\/revisions\/1095"}],"wp:attachment":[{"href":"https:\/\/test.hktechmont.cz\/index.php?rest_route=%2Fwp%2Fv2%2Fmedia&parent=465"}],"curies":[{"name":"wp","href":"https:\/\/api.w.org\/{rel}","templated":true}]}}